{"id":28899,"date":"2019-10-04T20:42:10","date_gmt":"2019-10-04T18:42:10","guid":{"rendered":"https:\/\/gaspard.dauvillier.ch\/?page_id=28899"},"modified":"2019-10-04T20:42:11","modified_gmt":"2019-10-04T18:42:11","slug":"contact","status":"publish","type":"page","link":"https:\/\/gaspard.dauvillier.ch\/en\/contact\/","title":{"rendered":"Contact"},"content":{"rendered":"<table class=\"wp-block-table is-style-stripes\"><tbody><tr><td>Courriel<\/td><td>gaspard.dauvillier@gmail.com<\/td><\/tr><tr><td>T\u00e9l\u00e9phone<\/td><td>+1 (438) 525-5771<\/td><\/tr><\/tbody><\/table>\n\n\n\n<h3>R\u00e9seaux sociaux<\/h3>\n\n\n\n<div class=\"wp-block-button\"><a class=\"wp-block-button__link\" href=\"https:\/\/www.linkedin.com\/in\/gaspard-dauvillier\/\">LinkedIn<\/a><\/div>\n\n\n\n<div class=\"wp-block-button\"><a class=\"wp-block-button__link has-background has-vivid-cyan-blue-background-color\" href=\"https:\/\/www.facebook.com\/profile.php?id=100008250720216\">Facebook<\/a><\/div>\n\n\n\n<p><\/p>","protected":false},"excerpt":{"rendered":"<p>Courriel gaspard.dauvillier@gmail.com T\u00e9l\u00e9phone +1 (438) 525-5771 R\u00e9seaux sociaux<\/p>","protected":false},"author":1,"featured_media":0,"parent":0,"menu_order":0,"comment_status":"closed","ping_status":"closed","template":"","meta":[],"_links":{"self":[{"href":"https:\/\/gaspard.dauvillier.ch\/en\/wp-json\/wp\/v2\/pages\/28899"}],"collection":[{"href":"https:\/\/gaspard.dauvillier.ch\/en\/wp-json\/wp\/v2\/pages"}],"about":[{"href":"https:\/\/gaspard.dauvillier.ch\/en\/wp-json\/wp\/v2\/types\/page"}],"author":[{"embeddable":true,"href":"https:\/\/gaspard.dauvillier.ch\/en\/wp-json\/wp\/v2\/users\/1"}],"replies":[{"embeddable":true,"href":"https:\/\/gaspard.dauvillier.ch\/en\/wp-json\/wp\/v2\/comments?post=28899"}],"version-history":[{"count":1,"href":"https:\/\/gaspard.dauvillier.ch\/en\/wp-json\/wp\/v2\/pages\/28899\/revisions"}],"predecessor-version":[{"id":28918,"href":"https:\/\/gaspard.dauvillier.ch\/en\/wp-json\/wp\/v2\/pages\/28899\/revisions\/28918"}],"wp:attachment":[{"href":"https:\/\/gaspard.dauvillier.ch\/en\/wp-json\/wp\/v2\/media?parent=28899"}],"curies":[{"name":"wp","href":"https:\/\/api.w.org\/{rel}","templated":true}]}}