{"id":28900,"date":"2019-10-04T20:28:43","date_gmt":"2019-10-04T18:28:43","guid":{"rendered":"https:\/\/gaspard.dauvillier.ch\/?page_id=28900"},"modified":"2019-10-04T20:46:21","modified_gmt":"2019-10-04T18:46:21","slug":"a-propos-de-moi","status":"publish","type":"page","link":"https:\/\/gaspard.dauvillier.ch\/en\/a-propos-de-moi\/","title":{"rendered":"A propos de moi"},"content":{"rendered":"<p>Apprenti Game Designer \u00e0 <a href=\"https:\/\/www.isartdigital.ca\/ca\/\">ISART Digital Montr\u00e9al<\/a> en recherche active de stage.<\/p>\n\n\n\n<hr class=\"wp-block-separator\"\/>\n\n\n\n<div class=\"wp-block-image\"><figure class=\"aligncenter is-resized\"><img loading=\"lazy\" src=\"https:\/\/gaspard.dauvillier.ch\/wp-content\/uploads\/2019\/10\/Profile-1-1024x1024.png\" alt=\"\" class=\"wp-image-28904\" width=\"256\" height=\"256\" srcset=\"https:\/\/gaspard.dauvillier.ch\/wp-content\/uploads\/2019\/10\/Profile-1-1024x1024.png 1024w, https:\/\/gaspard.dauvillier.ch\/wp-content\/uploads\/2019\/10\/Profile-1-150x150.png 150w, https:\/\/gaspard.dauvillier.ch\/wp-content\/uploads\/2019\/10\/Profile-1-300x300.png 300w, https:\/\/gaspard.dauvillier.ch\/wp-content\/uploads\/2019\/10\/Profile-1-768x768.png 768w, https:\/\/gaspard.dauvillier.ch\/wp-content\/uploads\/2019\/10\/Profile-1-100x100.png 100w, https:\/\/gaspard.dauvillier.ch\/wp-content\/uploads\/2019\/10\/Profile-1.png 1036w\" sizes=\"(max-width: 256px) 100vw, 256px\" \/><\/figure><\/div>\n\n\n\n<h3>Bio<\/h3>\n\n\n\n<p>Video Games are a form of media that has always been fascinating to me, due to the intensity and range of emotions it can make you experience.<\/p>\n\n\n\n<p>Plus jeune, j&rsquo;ai commenc\u00e9 \u00e0 en d\u00e9velopper seul et j&rsquo;ai ainsi acquis beaucoup de comp\u00e9tences de mani\u00e8re autodidacte.<\/p>\n\n\n\n<p>Aujourd&rsquo;hui, apr\u00e8s de nombreux challenges, ces comp\u00e9tences n&rsquo;ont fait que s&rsquo;am\u00e9liorer et je souhaite les perfectionner encore plus \u00e0 travers mon exp\u00e9rience en entreprise.<\/p>","protected":false},"excerpt":{"rendered":"<p>Apprenti Game Designer \u00e0 ISART Digital Montr\u00e9al en recherche active de stage. Bio Le jeu vid\u00e9o est un m\u00e9dia qui m&rsquo;a toujours fascin\u00e9, de part l&rsquo;intensit\u00e9 et la diversit\u00e9 des \u00e9motions qu&rsquo;il peut faire vivre. Plus jeune, j&rsquo;ai commenc\u00e9 \u00e0 en d\u00e9velopper seul et j&rsquo;ai ainsi acquis beaucoup de comp\u00e9tences de mani\u00e8re autodidacte. Aujourd&rsquo;hui, apr\u00e8s [&hellip;]<\/p>","protected":false},"author":1,"featured_media":0,"parent":0,"menu_order":0,"comment_status":"closed","ping_status":"closed","template":"","meta":[],"_links":{"self":[{"href":"https:\/\/gaspard.dauvillier.ch\/en\/wp-json\/wp\/v2\/pages\/28900"}],"collection":[{"href":"https:\/\/gaspard.dauvillier.ch\/en\/wp-json\/wp\/v2\/pages"}],"about":[{"href":"https:\/\/gaspard.dauvillier.ch\/en\/wp-json\/wp\/v2\/types\/page"}],"author":[{"embeddable":true,"href":"https:\/\/gaspard.dauvillier.ch\/en\/wp-json\/wp\/v2\/users\/1"}],"replies":[{"embeddable":true,"href":"https:\/\/gaspard.dauvillier.ch\/en\/wp-json\/wp\/v2\/comments?post=28900"}],"version-history":[{"count":4,"href":"https:\/\/gaspard.dauvillier.ch\/en\/wp-json\/wp\/v2\/pages\/28900\/revisions"}],"predecessor-version":[{"id":28927,"href":"https:\/\/gaspard.dauvillier.ch\/en\/wp-json\/wp\/v2\/pages\/28900\/revisions\/28927"}],"wp:attachment":[{"href":"https:\/\/gaspard.dauvillier.ch\/en\/wp-json\/wp\/v2\/media?parent=28900"}],"curies":[{"name":"wp","href":"https:\/\/api.w.org\/{rel}","templated":true}]}}